{"id":1769,"date":"2020-12-08T15:21:15","date_gmt":"2020-12-08T15:21:15","guid":{"rendered":"https:\/\/eff-fill.be\/?page_id=1769"},"modified":"2021-01-06T08:53:27","modified_gmt":"2021-01-06T08:53:27","slug":"comment-ca-marche-2","status":"publish","type":"page","link":"https:\/\/eff-fill.be\/fr\/comment-ca-marche-2\/","title":{"rendered":"Comment \u00e7a marche"},"content":{"rendered":"<p>[et_pb_section fb_built=\u00a0\u00bb1&Prime; custom_padding_last_edited=\u00a0\u00bbon|phone\u00a0\u00bb _builder_version=\u00a0\u00bb4.4.6&Prime; custom_padding_tablet=\u00a0\u00bb|20px||20px|false|false\u00a0\u00bb custom_padding_phone=\u00a0\u00bb\u00a0\u00bb][et_pb_row _builder_version=\u00a0\u00bb4.4.6&Prime;][et_pb_column type=\u00a0\u00bb4_4&Prime; _builder_version=\u00a0\u00bb4.4.6&Prime;][et_pb_text _builder_version=\u00a0\u00bb4.7.4&Prime;]<\/p>\n<h1 style=\"text-align: center;\">Comment \u00e7a marche ?<\/h1>\n<p style=\"text-align: center;\">eff-fill, c&rsquo;est :<\/p>\n<p>[\/et_pb_text][\/et_pb_column][\/et_pb_row][et_pb_row _builder_version=\u00a0\u00bb4.4.6&Prime;][et_pb_column type=\u00a0\u00bb4_4&Prime; _builder_version=\u00a0\u00bb4.4.6&Prime;][et_pb_image src=\u00a0\u00bbhttps:\/\/eff-fill.be\/wp-content\/uploads\/2020\/12\/eff-fill-overzicht@2x.png\u00a0\u00bb alt=\u00a0\u00bbeff-fill overview\u00a0\u00bb title_text=\u00a0\u00bbeff-fill-overzicht@2x\u00a0\u00bb _builder_version=\u00a0\u00bb4.4.6&Prime;][\/et_pb_image][\/et_pb_column][\/et_pb_row][et_pb_row column_structure=\u00a0\u00bb1_3,1_3,1_3&Prime; _builder_version=\u00a0\u00bb4.4.6&Prime; background_color=\u00a0\u00bbrgba(0,0,0,0)\u00a0\u00bb background_enable_image=\u00a0\u00bboff\u00a0\u00bb custom_margin=\u00a0\u00bb40px||||false|false\u00a0\u00bb][et_pb_column type=\u00a0\u00bb1_3&Prime; _builder_version=\u00a0\u00bb4.4.6&Prime;][et_pb_blurb title=\u00a0\u00bbConfigure\u00a0\u00bb image=\u00a0\u00bbhttps:\/\/eff-fill.be\/wp-content\/uploads\/2020\/12\/icon_configue.png\u00a0\u00bb image_max_width=\u00a0\u00bb64%\u00a0\u00bb content_max_width=\u00a0\u00bb490px\u00a0\u00bb _builder_version=\u00a0\u00bb4.4.6&Prime; header_font=\u00a0\u00bbZilla Slab||||||||\u00a0\u00bb header_text_color=\u00a0\u00bb#BD1622&Prime; header_font_size=\u00a0\u00bb35px\u00a0\u00bb body_font=\u00a0\u00bbZilla Slab||||||||\u00a0\u00bb body_text_align=\u00a0\u00bbcenter\u00a0\u00bb body_font_size=\u00a0\u00bb12px\u00a0\u00bb background_color=\u00a0\u00bb#e2e2e2&Prime; text_orientation=\u00a0\u00bbcenter\u00a0\u00bb min_height=\u00a0\u00bb350px\u00a0\u00bb custom_padding=\u00a0\u00bb20px|20px|20px|20px|false|false\u00a0\u00bb border_radii=\u00a0\u00bbon|15px|15px|15px|15px\u00a0\u00bb]<\/p>\n<p style=\"font-weight: bold !important; font-size: 14px;\">Calcule le prix exact <br \/>de votre projet eff-fill<\/p>\n<p style=\"font-size: 14px;\">Un prix est d\u00e9termin\u00e9 apr\u00e8s analyse.<\/p>\n<p>[\/et_pb_blurb][\/et_pb_column][et_pb_column type=\u00a0\u00bb1_3&Prime; _builder_version=\u00a0\u00bb4.4.6&Prime;][et_pb_blurb title=\u00a0\u00bbMeasure\u00a0\u00bb image=\u00a0\u00bbhttps:\/\/eff-fill.be\/wp-content\/uploads\/2020\/12\/icon_measure.png\u00a0\u00bb alt=\u00a0\u00bbicon measure\u00a0\u00bb image_max_width=\u00a0\u00bb64%\u00a0\u00bb content_max_width=\u00a0\u00bb490px\u00a0\u00bb _builder_version=\u00a0\u00bb4.4.6&Prime; header_font=\u00a0\u00bbZilla Slab||||||||\u00a0\u00bb header_text_color=\u00a0\u00bb#BD1622&Prime; header_font_size=\u00a0\u00bb35px\u00a0\u00bb body_font=\u00a0\u00bbZilla Slab||||||||\u00a0\u00bb body_text_align=\u00a0\u00bbcenter\u00a0\u00bb body_font_size=\u00a0\u00bb12px\u00a0\u00bb background_color=\u00a0\u00bb#e2e2e2&Prime; text_orientation=\u00a0\u00bbcenter\u00a0\u00bb min_height=\u00a0\u00bb350px\u00a0\u00bb custom_padding=\u00a0\u00bb20px|20px|20px|20px|false|false\u00a0\u00bb border_radii=\u00a0\u00bbon|15px|15px|15px|15px\u00a0\u00bb]<\/p>\n<p style=\"font-weight: bold !important; font-size: 14px;\">Collecte de donn\u00e9es ma\u00eetresses pertinentes<\/p>\n<p style=\"font-size: 14px;\">Cela peut se faire de deux mani\u00e8res : en liant la pi\u00e8ce \u00e0 un conteneur ou en mesurant les dimensions d&rsquo;une pi\u00e8ce.<\/p>\n<p style=\"color: #bd1622!important; font-weight: bold!important;\">Option<\/p>\n<p>[\/et_pb_blurb][\/et_pb_column][et_pb_column type=\u00a0\u00bb1_3&Prime; _builder_version=\u00a0\u00bb4.4.6&Prime;][et_pb_blurb title=\u00a0\u00bbBox optimize\u00a0\u00bb image=\u00a0\u00bbhttps:\/\/eff-fill.be\/wp-content\/uploads\/2020\/12\/icon_box_optimize.png\u00a0\u00bb alt=\u00a0\u00bbicon box optimize\u00a0\u00bb image_max_width=\u00a0\u00bb64%\u00a0\u00bb content_max_width=\u00a0\u00bb490px\u00a0\u00bb _builder_version=\u00a0\u00bb4.4.6&Prime; header_font=\u00a0\u00bbZilla Slab||||||||\u00a0\u00bb header_text_color=\u00a0\u00bb#BD1622&Prime; header_font_size=\u00a0\u00bb35px\u00a0\u00bb body_font=\u00a0\u00bbZilla Slab||||||||\u00a0\u00bb body_text_align=\u00a0\u00bbcenter\u00a0\u00bb body_font_size=\u00a0\u00bb12px\u00a0\u00bb background_color=\u00a0\u00bb#e2e2e2&Prime; text_orientation=\u00a0\u00bbcenter\u00a0\u00bb min_height=\u00a0\u00bb350px\u00a0\u00bb custom_padding=\u00a0\u00bb20px|20px|20px|20px|false|false\u00a0\u00bb border_radii=\u00a0\u00bbon|15px|15px|15px|15px\u00a0\u00bb]<\/p>\n<p style=\"font-weight: bold !important; font-size: 14px;\">D\u00e9termine le type de conteneur appropri\u00e9<\/p>\n<p style=\"font-size: 14px;\">En cas de recours \u00e0 la m\u00e9thode des mesures, je peux d\u00e9terminer le type de conteneur appropri\u00e9 gr\u00e2ce \u00e0 cet outil.<\/p>\n<p style=\"color: #bd1622!important; font-weight: bold!important;\">Option<\/p>\n<p>[\/et_pb_blurb][\/et_pb_column][\/et_pb_row][et_pb_row column_structure=\u00a0\u00bb1_3,1_3,1_3&Prime; _builder_version=\u00a0\u00bb4.4.6&Prime; background_color=\u00a0\u00bbrgba(0,0,0,0)\u00a0\u00bb background_enable_image=\u00a0\u00bboff\u00a0\u00bb custom_margin=\u00a0\u00bb0px||||false|false\u00a0\u00bb][et_pb_column type=\u00a0\u00bb1_3&Prime; _builder_version=\u00a0\u00bb4.4.6&Prime;][et_pb_blurb title=\u00a0\u00bbOrganize\u00a0\u00bb image=\u00a0\u00bbhttps:\/\/eff-fill.be\/wp-content\/uploads\/2020\/12\/icon_organize.png\u00a0\u00bb alt=\u00a0\u00bbicon organize\u00a0\u00bb image_max_width=\u00a0\u00bb64%\u00a0\u00bb content_max_width=\u00a0\u00bb490px\u00a0\u00bb _builder_version=\u00a0\u00bb4.4.6&Prime; header_font=\u00a0\u00bbZilla Slab||||||||\u00a0\u00bb header_text_color=\u00a0\u00bb#BD1622&Prime; header_font_size=\u00a0\u00bb35px\u00a0\u00bb body_font=\u00a0\u00bbZilla Slab||||||||\u00a0\u00bb body_text_align=\u00a0\u00bbcenter\u00a0\u00bb body_font_size=\u00a0\u00bb12px\u00a0\u00bb background_color=\u00a0\u00bb#e2e2e2&Prime; text_orientation=\u00a0\u00bbcenter\u00a0\u00bb min_height=\u00a0\u00bb380px\u00a0\u00bb custom_padding=\u00a0\u00bb20px|20px|20px|20px|false|false\u00a0\u00bb border_radii=\u00a0\u00bbon|15px|15px|15px|15px\u00a0\u00bb]<\/p>\n<p style=\"font-weight: bold !important; font-size: 14px;\">Simule un remplissage fluide <br \/>du magasin<\/p>\n<p style=\"font-size: 14px;\">\u00c0 partir des donn\u00e9es collect\u00e9es, je peux remplir virtuellement le futur magasin \u00e0 l&rsquo;avance selon certaines strat\u00e9gies. Les donn\u00e9es qui en ressortent permettent de remplir le nouveau magasin le plus efficacement et le plus rapidement possible.<\/p>\n<p>[\/et_pb_blurb][\/et_pb_column][et_pb_column type=\u00a0\u00bb1_3&Prime; _builder_version=\u00a0\u00bb4.4.6&Prime;][et_pb_blurb alt=\u00a0\u00bbicon measure\u00a0\u00bb image_max_width=\u00a0\u00bb64%\u00a0\u00bb content_max_width=\u00a0\u00bb490px\u00a0\u00bb _builder_version=\u00a0\u00bb4.7.4&Prime; header_font=\u00a0\u00bbZilla Slab||||||||\u00a0\u00bb header_text_color=\u00a0\u00bb#BD1622&Prime; header_font_size=\u00a0\u00bb35px\u00a0\u00bb body_font=\u00a0\u00bbZilla Slab||||||||\u00a0\u00bb body_text_align=\u00a0\u00bbcenter\u00a0\u00bb body_font_size=\u00a0\u00bb12px\u00a0\u00bb background_color=\u00a0\u00bb#e2e2e2&Prime; background_image=\u00a0\u00bbhttps:\/\/eff-fill.be\/wp-content\/uploads\/2020\/12\/hoe-werkt-het1-1.jpg\u00a0\u00bb text_orientation=\u00a0\u00bbcenter\u00a0\u00bb min_height=\u00a0\u00bb380px\u00a0\u00bb custom_padding=\u00a0\u00bb20px|20px|20px|20px|false|false\u00a0\u00bb border_radii=\u00a0\u00bbon|15px|15px|15px|15px\u00a0\u00bb][\/et_pb_blurb][\/et_pb_column][et_pb_column type=\u00a0\u00bb1_3&Prime; _builder_version=\u00a0\u00bb4.4.6&Prime;][et_pb_blurb title=\u00a0\u00bbControl\u00a0\u00bb image=\u00a0\u00bbhttps:\/\/eff-fill.be\/wp-content\/uploads\/2020\/12\/icon_control.png\u00a0\u00bb alt=\u00a0\u00bbicon control\u00a0\u00bb image_max_width=\u00a0\u00bb64%\u00a0\u00bb content_max_width=\u00a0\u00bb490px\u00a0\u00bb _builder_version=\u00a0\u00bb4.4.6&Prime; header_font=\u00a0\u00bbZilla Slab||||||||\u00a0\u00bb header_text_color=\u00a0\u00bb#BD1622&Prime; header_font_size=\u00a0\u00bb35px\u00a0\u00bb body_font=\u00a0\u00bbZilla Slab||||||||\u00a0\u00bb body_text_align=\u00a0\u00bbcenter\u00a0\u00bb body_font_size=\u00a0\u00bb12px\u00a0\u00bb background_color=\u00a0\u00bb#e2e2e2&Prime; text_orientation=\u00a0\u00bbcenter\u00a0\u00bb min_height=\u00a0\u00bb380px\u00a0\u00bb custom_padding=\u00a0\u00bb20px|20px|20px|20px|false|false\u00a0\u00bb border_radii=\u00a0\u00bbon|15px|15px|15px|15px\u00a0\u00bb]<\/p>\n<p style=\"font-weight: bold !important; font-size: 14px;\">Contr\u00f4le le remplissage du magasin<\/p>\n<p style=\"font-size: 14px;\">Contr\u00f4le du remplissage du nouveau magasin<\/p>\n<p style=\"color: #bd1622!important; font-weight: bold!important;\">Option<\/p>\n<p>[\/et_pb_blurb][\/et_pb_column][\/et_pb_row][et_pb_row column_structure=\u00a0\u00bb1_3,1_3,1_3&Prime; _builder_version=\u00a0\u00bb4.4.6&Prime; background_color=\u00a0\u00bbrgba(0,0,0,0)\u00a0\u00bb background_enable_image=\u00a0\u00bboff\u00a0\u00bb custom_margin=\u00a0\u00bb0px||||false|false\u00a0\u00bb][et_pb_column type=\u00a0\u00bb1_3&Prime; _builder_version=\u00a0\u00bb4.4.6&Prime;][et_pb_blurb image_max_width=\u00a0\u00bb64%\u00a0\u00bb content_max_width=\u00a0\u00bb490px\u00a0\u00bb _builder_version=\u00a0\u00bb4.7.4&Prime; header_font=\u00a0\u00bbZilla Slab||||||||\u00a0\u00bb header_text_color=\u00a0\u00bb#BD1622&Prime; header_font_size=\u00a0\u00bb35px\u00a0\u00bb body_font=\u00a0\u00bbZilla Slab||||||||\u00a0\u00bb body_text_align=\u00a0\u00bbcenter\u00a0\u00bb body_font_size=\u00a0\u00bb12px\u00a0\u00bb background_color=\u00a0\u00bb#e2e2e2&Prime; background_image=\u00a0\u00bbhttps:\/\/eff-fill.be\/wp-content\/uploads\/2020\/12\/hoe-werkt-het2.jpg\u00a0\u00bb background_position=\u00a0\u00bbcenter_right\u00a0\u00bb text_orientation=\u00a0\u00bbcenter\u00a0\u00bb min_height=\u00a0\u00bb350px\u00a0\u00bb custom_padding=\u00a0\u00bb20px|20px|20px|20px|false|false\u00a0\u00bb border_radii=\u00a0\u00bbon|15px|15px|15px|15px\u00a0\u00bb][\/et_pb_blurb][\/et_pb_column][et_pb_column type=\u00a0\u00bb1_3&Prime; _builder_version=\u00a0\u00bb4.4.6&Prime;][et_pb_blurb title=\u00a0\u00bbService\u00a0\u00bb image=\u00a0\u00bbhttps:\/\/eff-fill.be\/wp-content\/uploads\/2020\/12\/icon_service.png\u00a0\u00bb alt=\u00a0\u00bbicon measure\u00a0\u00bb image_max_width=\u00a0\u00bb64%\u00a0\u00bb content_max_width=\u00a0\u00bb490px\u00a0\u00bb _builder_version=\u00a0\u00bb4.4.6&Prime; header_font=\u00a0\u00bbZilla Slab||||||||\u00a0\u00bb header_text_color=\u00a0\u00bb#BD1622&Prime; header_font_size=\u00a0\u00bb35px\u00a0\u00bb body_font=\u00a0\u00bbZilla Slab||||||||\u00a0\u00bb body_text_align=\u00a0\u00bbcenter\u00a0\u00bb body_font_size=\u00a0\u00bb12px\u00a0\u00bb background_color=\u00a0\u00bb#e2e2e2&Prime; text_orientation=\u00a0\u00bbcenter\u00a0\u00bb min_height=\u00a0\u00bb350px\u00a0\u00bb custom_padding=\u00a0\u00bb20px|20px|20px|20px|false|false\u00a0\u00bb border_radii=\u00a0\u00bbon|15px|15px|15px|15px\u00a0\u00bb]<\/p>\n<p style=\"font-weight: bold !important; font-size: 14px;\">Analyse, conseils, assistance, calculs suppl\u00e9mentaires et aide possible<\/p>\n<p style=\"font-size: 14px;\">Je partage mon exp\u00e9rience avec le client, plus de 20 ann\u00e9es d&rsquo;exp\u00e9rience comme magasinier et plus de 30 projets \/ plus de 150.000 pi\u00e8ces en termes de remplissage de magasins.<\/p>\n<p>[\/et_pb_blurb][\/et_pb_column][et_pb_column type=\u00a0\u00bb1_3&Prime; _builder_version=\u00a0\u00bb4.4.6&Prime;][et_pb_blurb alt=\u00a0\u00bbicon box optimize\u00a0\u00bb image_max_width=\u00a0\u00bb64%\u00a0\u00bb content_max_width=\u00a0\u00bb490px\u00a0\u00bb _builder_version=\u00a0\u00bb4.7.4&Prime; header_font=\u00a0\u00bbZilla Slab||||||||\u00a0\u00bb header_text_color=\u00a0\u00bb#BD1622&Prime; header_font_size=\u00a0\u00bb35px\u00a0\u00bb body_font=\u00a0\u00bbZilla Slab||||||||\u00a0\u00bb body_text_align=\u00a0\u00bbcenter\u00a0\u00bb body_font_size=\u00a0\u00bb12px\u00a0\u00bb background_color=\u00a0\u00bb#e2e2e2&Prime; background_image=\u00a0\u00bbhttps:\/\/eff-fill.be\/wp-content\/uploads\/2020\/12\/hoe-werkt-het4.jpg\u00a0\u00bb text_orientation=\u00a0\u00bbcenter\u00a0\u00bb min_height=\u00a0\u00bb350px\u00a0\u00bb custom_padding=\u00a0\u00bb20px|20px|20px|20px|false|false\u00a0\u00bb border_radii=\u00a0\u00bbon|15px|15px|15px|15px\u00a0\u00bb][\/et_pb_blurb][\/et_pb_column][\/et_pb_row][et_pb_row column_structure=\u00a0\u00bb1_3,1_3,1_3&Prime; _builder_version=\u00a0\u00bb4.4.6&Prime; background_color=\u00a0\u00bbrgba(0,0,0,0)\u00a0\u00bb background_enable_image=\u00a0\u00bboff\u00a0\u00bb custom_margin=\u00a0\u00bb0px||||false|false\u00a0\u00bb][et_pb_column type=\u00a0\u00bb1_3&Prime; _builder_version=\u00a0\u00bb4.4.6&Prime;][et_pb_blurb title=\u00a0\u00bbCoordinate\u00a0\u00bb image=\u00a0\u00bbhttps:\/\/eff-fill.be\/wp-content\/uploads\/2020\/12\/icon_coordinate.png\u00a0\u00bb alt=\u00a0\u00bbicon coordinate\u00a0\u00bb image_max_width=\u00a0\u00bb64%\u00a0\u00bb content_max_width=\u00a0\u00bb490px\u00a0\u00bb _builder_version=\u00a0\u00bb4.4.6&Prime; header_font=\u00a0\u00bbZilla Slab||||||||\u00a0\u00bb header_text_color=\u00a0\u00bb#BD1622&Prime; header_font_size=\u00a0\u00bb35px\u00a0\u00bb body_font=\u00a0\u00bbZilla Slab||||||||\u00a0\u00bb body_text_align=\u00a0\u00bbcenter\u00a0\u00bb body_font_size=\u00a0\u00bb12px\u00a0\u00bb background_color=\u00a0\u00bb#e2e2e2&Prime; text_orientation=\u00a0\u00bbcenter\u00a0\u00bb min_height=\u00a0\u00bb380px\u00a0\u00bb custom_padding=\u00a0\u00bb20px|20px|20px|20px|false|false\u00a0\u00bb border_radii=\u00a0\u00bbon|15px|15px|15px|15px\u00a0\u00bb]<\/p>\n<p style=\"font-weight: bold !important; font-size: 14px;\">Coordonne un premier remplissage fluide ou un d\u00e9m\u00e9nagement du magasin<\/p>\n<p style=\"font-size: 14px;\">Coordination et aide sur place pendant le processus de d\u00e9m\u00e9nagement ; je n&rsquo;ai pas le personnel pouvant aider, mais je peux aider \u00e0 diriger le personnel.<\/p>\n<p style=\"color: #bd1622!important; font-weight: bold!important;\">Option<\/p>\n<p>[\/et_pb_blurb][\/et_pb_column][et_pb_column type=\u00a0\u00bb1_3&Prime; _builder_version=\u00a0\u00bb4.4.6&Prime;][et_pb_blurb alt=\u00a0\u00bbicon measure\u00a0\u00bb image_max_width=\u00a0\u00bb64%\u00a0\u00bb content_max_width=\u00a0\u00bb490px\u00a0\u00bb _builder_version=\u00a0\u00bb4.7.4&Prime; header_font=\u00a0\u00bbZilla Slab||||||||\u00a0\u00bb header_text_color=\u00a0\u00bb#BD1622&Prime; header_font_size=\u00a0\u00bb35px\u00a0\u00bb body_font=\u00a0\u00bbZilla Slab||||||||\u00a0\u00bb body_text_align=\u00a0\u00bbcenter\u00a0\u00bb body_font_size=\u00a0\u00bb12px\u00a0\u00bb background_color=\u00a0\u00bb#e2e2e2&Prime; background_image=\u00a0\u00bbhttps:\/\/eff-fill.be\/wp-content\/uploads\/2020\/12\/8B6A9951-1-scaled-1.jpg\u00a0\u00bb text_orientation=\u00a0\u00bbcenter\u00a0\u00bb min_height=\u00a0\u00bb380px\u00a0\u00bb custom_padding=\u00a0\u00bb20px|20px|20px|20px|false|false\u00a0\u00bb border_radii=\u00a0\u00bbon|15px|15px|15px|15px\u00a0\u00bb][\/et_pb_blurb][\/et_pb_column][et_pb_column type=\u00a0\u00bb1_3&Prime; _builder_version=\u00a0\u00bb4.4.6&Prime;][et_pb_blurb title=\u00a0\u00bbData\u00a0\u00bb image=\u00a0\u00bbhttps:\/\/eff-fill.be\/wp-content\/uploads\/2020\/12\/icon_control.png\u00a0\u00bb alt=\u00a0\u00bbicon control\u00a0\u00bb image_max_width=\u00a0\u00bb64%\u00a0\u00bb content_max_width=\u00a0\u00bb490px\u00a0\u00bb _builder_version=\u00a0\u00bb4.4.6&Prime; header_font=\u00a0\u00bbZilla Slab||||||||\u00a0\u00bb header_text_color=\u00a0\u00bb#BD1622&Prime; header_font_size=\u00a0\u00bb35px\u00a0\u00bb body_font=\u00a0\u00bbZilla Slab||||||||\u00a0\u00bb body_text_align=\u00a0\u00bbcenter\u00a0\u00bb body_font_size=\u00a0\u00bb12px\u00a0\u00bb background_color=\u00a0\u00bb#e2e2e2&Prime; text_orientation=\u00a0\u00bbcenter\u00a0\u00bb min_height=\u00a0\u00bb380px\u00a0\u00bb custom_padding=\u00a0\u00bb20px|20px|20px|20px|false|false\u00a0\u00bb border_radii=\u00a0\u00bbon|15px|15px|15px|15px\u00a0\u00bb]<\/p>\n<p style=\"font-weight: bold !important; font-size: 14px;\">Collecte toutes les donn\u00e9es d\u00e9coulant de votre projet<\/p>\n<p style=\"font-size: 14px;\">Toutes les donn\u00e9es sont <br \/>parfaitement collect\u00e9es.<\/p>\n<p>[\/et_pb_blurb][\/et_pb_column][\/et_pb_row][\/et_pb_section][et_pb_section fb_built=\u00a0\u00bb1&Prime; _builder_version=\u00a0\u00bb4.4.6&Prime; custom_margin=\u00a0\u00bb-30px||||false|false\u00a0\u00bb][et_pb_row _builder_version=\u00a0\u00bb4.4.6&Prime;][et_pb_column type=\u00a0\u00bb4_4&Prime; _builder_version=\u00a0\u00bb4.4.6&Prime;][et_pb_text _builder_version=\u00a0\u00bb4.4.6&Prime;]<\/p>\n<h2 style=\"text-align: center; font-size: 40px!important; color: #bd1622!important;\">Pour tous les magasins et toutes les marques de syst\u00e8mes d\u2019ascenseur verticaux, syst\u00e8mes paternoster horizontaux, LR35 et magasins \u00e0 rayonnages classiques.<\/h2>\n<p>[\/et_pb_text][\/et_pb_column][\/et_pb_row][\/et_pb_section]<\/p>\n","protected":false},"excerpt":{"rendered":"<p>Comment \u00e7a marche ? eff-fill, c&rsquo;est : Configure&#8230;<\/p>\n","protected":false},"author":6,"featured_media":0,"parent":0,"menu_order":0,"comment_status":"closed","ping_status":"closed","template":"","meta":{"_et_pb_use_builder":"on","_et_pb_old_content":"","_et_gb_content_width":"","_monsterinsights_skip_tracking":false,"_monsterinsights_sitenote_active":false,"_monsterinsights_sitenote_note":"","_monsterinsights_sitenote_category":0,"footnotes":""},"class_list":["post-1769","page","type-page","status-publish","hentry"],"yoast_head":"<!-- This site is optimized with the Yoast SEO plugin v27.5 - https:\/\/yoast.com\/product\/yoast-seo-wordpress\/ -->\n<title>Comment \u00e7a marche - Eff Fill<\/title>\n<meta name=\"robots\" content=\"index, follow, max-snippet:-1, max-image-preview:large, max-video-preview:-1\" \/>\n<link rel=\"canonical\" href=\"https:\/\/eff-fill.be\/fr\/comment-ca-marche-2\/\" \/>\n<meta property=\"og:locale\" content=\"fr_FR\" \/>\n<meta property=\"og:type\" content=\"article\" \/>\n<meta property=\"og:title\" content=\"Comment \u00e7a marche - Eff Fill\" \/>\n<meta property=\"og:description\" content=\"Comment \u00e7a marche ? eff-fill, c&rsquo;est : Configure...\" \/>\n<meta property=\"og:url\" content=\"https:\/\/eff-fill.be\/fr\/comment-ca-marche-2\/\" \/>\n<meta property=\"og:site_name\" content=\"Eff Fill\" \/>\n<meta property=\"article:modified_time\" content=\"2021-01-06T08:53:27+00:00\" \/>\n<meta name=\"twitter:card\" content=\"summary_large_image\" \/>\n<meta name=\"twitter:label1\" content=\"Dur\u00e9e de lecture estim\u00e9e\" \/>\n\t<meta name=\"twitter:data1\" content=\"8 minutes\" \/>\n<script type=\"application\/ld+json\" class=\"yoast-schema-graph\">{\"@context\":\"https:\\\/\\\/schema.org\",\"@graph\":[{\"@type\":\"WebPage\",\"@id\":\"https:\\\/\\\/eff-fill.be\\\/fr\\\/comment-ca-marche-2\\\/\",\"url\":\"https:\\\/\\\/eff-fill.be\\\/fr\\\/comment-ca-marche-2\\\/\",\"name\":\"Comment \u00e7a marche - Eff Fill\",\"isPartOf\":{\"@id\":\"https:\\\/\\\/eff-fill.be\\\/fr\\\/#website\"},\"datePublished\":\"2020-12-08T15:21:15+00:00\",\"dateModified\":\"2021-01-06T08:53:27+00:00\",\"breadcrumb\":{\"@id\":\"https:\\\/\\\/eff-fill.be\\\/fr\\\/comment-ca-marche-2\\\/#breadcrumb\"},\"inLanguage\":\"fr-FR\",\"potentialAction\":[{\"@type\":\"ReadAction\",\"target\":[\"https:\\\/\\\/eff-fill.be\\\/fr\\\/comment-ca-marche-2\\\/\"]}]},{\"@type\":\"BreadcrumbList\",\"@id\":\"https:\\\/\\\/eff-fill.be\\\/fr\\\/comment-ca-marche-2\\\/#breadcrumb\",\"itemListElement\":[{\"@type\":\"ListItem\",\"position\":1,\"name\":\"Home\",\"item\":\"https:\\\/\\\/eff-fill.be\\\/fr\\\/\"},{\"@type\":\"ListItem\",\"position\":2,\"name\":\"Comment \u00e7a marche\"}]},{\"@type\":\"WebSite\",\"@id\":\"https:\\\/\\\/eff-fill.be\\\/fr\\\/#website\",\"url\":\"https:\\\/\\\/eff-fill.be\\\/fr\\\/\",\"name\":\"Eff Fill\",\"description\":\"Eff Fill\",\"publisher\":{\"@id\":\"https:\\\/\\\/eff-fill.be\\\/fr\\\/#organization\"},\"potentialAction\":[{\"@type\":\"SearchAction\",\"target\":{\"@type\":\"EntryPoint\",\"urlTemplate\":\"https:\\\/\\\/eff-fill.be\\\/fr\\\/?s={search_term_string}\"},\"query-input\":{\"@type\":\"PropertyValueSpecification\",\"valueRequired\":true,\"valueName\":\"search_term_string\"}}],\"inLanguage\":\"fr-FR\"},{\"@type\":\"Organization\",\"@id\":\"https:\\\/\\\/eff-fill.be\\\/fr\\\/#organization\",\"name\":\"Eff-fill\",\"url\":\"https:\\\/\\\/eff-fill.be\\\/fr\\\/\",\"logo\":{\"@type\":\"ImageObject\",\"inLanguage\":\"fr-FR\",\"@id\":\"https:\\\/\\\/eff-fill.be\\\/fr\\\/#\\\/schema\\\/logo\\\/image\\\/\",\"url\":\"https:\\\/\\\/eff-fill.be\\\/wp-content\\\/uploads\\\/2020\\\/04\\\/cropped-logo-1.png\",\"contentUrl\":\"https:\\\/\\\/eff-fill.be\\\/wp-content\\\/uploads\\\/2020\\\/04\\\/cropped-logo-1.png\",\"width\":535,\"height\":255,\"caption\":\"Eff-fill\"},\"image\":{\"@id\":\"https:\\\/\\\/eff-fill.be\\\/fr\\\/#\\\/schema\\\/logo\\\/image\\\/\"}}]}<\/script>\n<!-- \/ Yoast SEO plugin. -->","yoast_head_json":{"title":"Comment \u00e7a marche - Eff Fill","robots":{"index":"index","follow":"follow","max-snippet":"max-snippet:-1","max-image-preview":"max-image-preview:large","max-video-preview":"max-video-preview:-1"},"canonical":"https:\/\/eff-fill.be\/fr\/comment-ca-marche-2\/","og_locale":"fr_FR","og_type":"article","og_title":"Comment \u00e7a marche - Eff Fill","og_description":"Comment \u00e7a marche ? eff-fill, c&rsquo;est : Configure...","og_url":"https:\/\/eff-fill.be\/fr\/comment-ca-marche-2\/","og_site_name":"Eff Fill","article_modified_time":"2021-01-06T08:53:27+00:00","twitter_card":"summary_large_image","twitter_misc":{"Dur\u00e9e de lecture estim\u00e9e":"8 minutes"},"schema":{"@context":"https:\/\/schema.org","@graph":[{"@type":"WebPage","@id":"https:\/\/eff-fill.be\/fr\/comment-ca-marche-2\/","url":"https:\/\/eff-fill.be\/fr\/comment-ca-marche-2\/","name":"Comment \u00e7a marche - Eff Fill","isPartOf":{"@id":"https:\/\/eff-fill.be\/fr\/#website"},"datePublished":"2020-12-08T15:21:15+00:00","dateModified":"2021-01-06T08:53:27+00:00","breadcrumb":{"@id":"https:\/\/eff-fill.be\/fr\/comment-ca-marche-2\/#breadcrumb"},"inLanguage":"fr-FR","potentialAction":[{"@type":"ReadAction","target":["https:\/\/eff-fill.be\/fr\/comment-ca-marche-2\/"]}]},{"@type":"BreadcrumbList","@id":"https:\/\/eff-fill.be\/fr\/comment-ca-marche-2\/#breadcrumb","itemListElement":[{"@type":"ListItem","position":1,"name":"Home","item":"https:\/\/eff-fill.be\/fr\/"},{"@type":"ListItem","position":2,"name":"Comment \u00e7a marche"}]},{"@type":"WebSite","@id":"https:\/\/eff-fill.be\/fr\/#website","url":"https:\/\/eff-fill.be\/fr\/","name":"Eff Fill","description":"Eff Fill","publisher":{"@id":"https:\/\/eff-fill.be\/fr\/#organization"},"potentialAction":[{"@type":"SearchAction","target":{"@type":"EntryPoint","urlTemplate":"https:\/\/eff-fill.be\/fr\/?s={search_term_string}"},"query-input":{"@type":"PropertyValueSpecification","valueRequired":true,"valueName":"search_term_string"}}],"inLanguage":"fr-FR"},{"@type":"Organization","@id":"https:\/\/eff-fill.be\/fr\/#organization","name":"Eff-fill","url":"https:\/\/eff-fill.be\/fr\/","logo":{"@type":"ImageObject","inLanguage":"fr-FR","@id":"https:\/\/eff-fill.be\/fr\/#\/schema\/logo\/image\/","url":"https:\/\/eff-fill.be\/wp-content\/uploads\/2020\/04\/cropped-logo-1.png","contentUrl":"https:\/\/eff-fill.be\/wp-content\/uploads\/2020\/04\/cropped-logo-1.png","width":535,"height":255,"caption":"Eff-fill"},"image":{"@id":"https:\/\/eff-fill.be\/fr\/#\/schema\/logo\/image\/"}}]}},"_links":{"self":[{"href":"https:\/\/eff-fill.be\/fr\/wp-json\/wp\/v2\/pages\/1769","targetHints":{"allow":["GET"]}}],"collection":[{"href":"https:\/\/eff-fill.be\/fr\/wp-json\/wp\/v2\/pages"}],"about":[{"href":"https:\/\/eff-fill.be\/fr\/wp-json\/wp\/v2\/types\/page"}],"author":[{"embeddable":true,"href":"https:\/\/eff-fill.be\/fr\/wp-json\/wp\/v2\/users\/6"}],"replies":[{"embeddable":true,"href":"https:\/\/eff-fill.be\/fr\/wp-json\/wp\/v2\/comments?post=1769"}],"version-history":[{"count":4,"href":"https:\/\/eff-fill.be\/fr\/wp-json\/wp\/v2\/pages\/1769\/revisions"}],"predecessor-version":[{"id":1798,"href":"https:\/\/eff-fill.be\/fr\/wp-json\/wp\/v2\/pages\/1769\/revisions\/1798"}],"wp:attachment":[{"href":"https:\/\/eff-fill.be\/fr\/wp-json\/wp\/v2\/media?parent=1769"}],"curies":[{"name":"wp","href":"https:\/\/api.w.org\/{rel}","templated":true}]}}